{"id":11157,"date":"2021-04-29T08:58:23","date_gmt":"2021-04-29T08:58:23","guid":{"rendered":"https:\/\/ulisesyargos.marketingguay.es\/?page_id=11157"},"modified":"2021-04-29T09:51:23","modified_gmt":"2021-04-29T09:51:23","slug":"politica-de-cookies","status":"publish","type":"page","link":"https:\/\/ulisesyargos.es\/en\/politica-de-cookies\/","title":{"rendered":"Cookie policy"},"content":{"rendered":"<div data-elementor-type=\"wp-page\" data-elementor-id=\"11157\" class=\"elementor elementor-11157\" data-elementor-post-type=\"page\">\n\t\t\t\t\t\t<section class=\"wd-negative-gap elementor-section elementor-top-section elementor-element elementor-element-af38d0a elementor-section-boxed elementor-section-height-default elementor-section-height-default\" data-id=\"af38d0a\" data-element_type=\"section\">\n\t\t\t\t\t\t<div class=\"elementor-container elementor-column-gap-default\">\n\t\t\t\t\t<div class=\"elementor-column elementor-col-100 elementor-top-column elementor-element elementor-element-88a7642\" data-id=\"88a7642\" data-element_type=\"column\">\n\t\t\t<div class=\"elementor-widget-wrap elementor-element-populated\">\n\t\t\t\t\t\t<div class=\"elementor-element elementor-element-5d13a72 color-scheme-inherit text-left elementor-widget elementor-widget-text-editor\" data-id=\"5d13a72\" data-element_type=\"widget\" data-widget_type=\"text-editor.default\">\n\t\t\t\t<div class=\"elementor-widget-container\">\n\t\t\t\t\t\t\t\t\t<p><b><span data-contrast=\"none\">DEFINICI\u00d3N Y FUNCI\u00d3N DE LAS COOKIES<\/span><\/b><span data-ccp-props=\"{\">\u00a0<\/span><\/p><p><span data-contrast=\"none\">Una cookie o tambi\u00e9n llamada galleta inform\u00e1tica es una informaci\u00f3n enviada por un sitio web que queda almacenada en el navegador del usuario. As\u00ed, permiten a una p\u00e1gina web, entre otras cosas, almacenar y recuperar informaci\u00f3n sobre los h\u00e1bitos de navegaci\u00f3n de un usuario o de su equipo.<\/span><span data-ccp-props=\"{\">\u00a0<\/span><\/p><p><b><span data-contrast=\"none\">TIPOS DE COOKIES<\/span><\/b><span data-ccp-props=\"{\">\u00a0<\/span><\/p><p><span data-contrast=\"none\">*En funci\u00f3n del propietario de la cookie:<\/span><span data-ccp-props=\"{\">\u00a0<\/span><\/p><p><b><span data-contrast=\"none\">1.Cookies propias<\/span><\/b><span data-contrast=\"none\">: Se env\u00edan al usuario desde un equipo o dominio gestionado por el propio editor y desde el que se presta el servicio solicitado por el usuario.<\/span><span data-ccp-props=\"{\">\u00a0<\/span><\/p><p><b><span data-contrast=\"none\">2.Cookies de tercero<\/span><\/b><span data-contrast=\"none\">: Se env\u00edan al usuario desde un equipo o dominio que no es gestionado por el editor, sino por otra entidad que trata los datos obtenidos trav\u00e9s de las cookies.<\/span><span data-ccp-props=\"{\">\u00a0<\/span><\/p><p><span data-contrast=\"none\">*En funci\u00f3n de la duraci\u00f3n de la cookie:<\/span><span data-ccp-props=\"{\">\u00a0<\/span><\/p><p><b><span data-contrast=\"none\">1.Cookies de sesi\u00f3n<\/span><\/b><span data-contrast=\"none\">: Son un tipo de cookies dise\u00f1adas para recabar y almacenar datos mientras el usuario accede a una p\u00e1gina web.<\/span><span data-ccp-props=\"{\">\u00a0<\/span><\/p><p><b><span data-contrast=\"none\">2.Cookies persistentes<\/span><\/b><span data-contrast=\"none\">: Los datos siguen almacenados en el terminal y pueden ser accedidos y tratados durante un periodo definido por el responsable de la cookie, y que puede ir de unos minutos a varios a\u00f1os.<\/span><span data-ccp-props=\"{\">\u00a0<\/span><\/p><p><span data-contrast=\"none\">*En funci\u00f3n de la finalidad de la cookie:<\/span><span data-ccp-props=\"{\">\u00a0<\/span><\/p><p><b><span data-contrast=\"none\">1.Cookies de an\u00e1lisis<\/span><\/b><span data-contrast=\"none\">: Permiten cuantificar el n\u00famero de usuarios y la medici\u00f3n y an\u00e1lisis estad\u00edstico de la utilizaci\u00f3n que hacen los usuarios del servicio ofertado. Para ello se analiza su navegaci\u00f3n en nuestra p\u00e1gina web con el fin de mejorar la oferta de productos o servicios que le ofrecemos.<\/span><span data-ccp-props=\"{\">\u00a0<\/span><\/p><p><b><span data-contrast=\"none\">2.Cookies publicitarias<\/span><\/b><span data-contrast=\"none\">: Permiten la gesti\u00f3n, de la forma m\u00e1s eficaz posible, de los espacios publicitarios que, en su caso, el editor haya incluido en una p\u00e1gina web, aplicaci\u00f3n o plataforma desde la que presta el servicio solicitado en base a criterios como el contenido editado o la frecuencia en la que se muestran los anuncios.<\/span><span data-ccp-props=\"{\">\u00a0<\/span><\/p><p><b><span data-contrast=\"none\">3.Cookies de publicidad comportamental<\/span><\/b><span data-contrast=\"none\">: Permiten la gesti\u00f3n, de la forma m\u00e1s eficaz posible, de los espacios publicitarios que, en su caso, el editor haya incluido en una p\u00e1gina web, aplicaci\u00f3n o plataforma desde la que presta el servicio solicitado. Estas cookies almacenan informaci\u00f3n del comportamiento de los usuarios obtenida a trav\u00e9s de la observaci\u00f3n continuada de sus h\u00e1bitos de navegaci\u00f3n, lo que permite desarrollar un perfil espec\u00edfico para mostrar publicidad en funci\u00f3n del mismo.<\/span><span data-ccp-props=\"{\">\u00a0<\/span><\/p><p><b><span data-contrast=\"none\">4.Cookies t\u00e9cnicas<\/span><\/b><span data-contrast=\"none\">: Permiten al usuario la navegaci\u00f3n a trav\u00e9s de una p\u00e1gina web, plataforma o aplicaci\u00f3n y la utilizaci\u00f3n de las diferentes opciones o servicios que en ella existan como, por ejemplo, controlar el tr\u00e1fico y la comunicaci\u00f3n de datos, identificar la sesi\u00f3n, acceder a partes de acceso restringido, recordar los elementos que integran un pedido, realizar el proceso de compra de un pedido, realizar la solicitud de inscripci\u00f3n o participaci\u00f3n en un evento, utilizar elementos de seguridad durante la navegaci\u00f3n, almacenar contenidos para la difusi\u00f3n de videos o sonido o compartir contenidos a trav\u00e9s de redes sociales<\/span><span data-ccp-props=\"{\">\u00a0<\/span><\/p><p><b><span data-contrast=\"none\">5.Cookies de personalizaci\u00f3n<\/span><\/b><span data-contrast=\"none\">: Son aqu\u00e9llas que permiten al usuario acceder al servicio con algunas caracter\u00edsticas de car\u00e1cter general predefinidas en funci\u00f3n de una serie de criterios en el terminal del usuario como por ejemplo serian el idioma, el tipo de navegador a trav\u00e9s del cual accede al servicio, la configuraci\u00f3n regional desde donde accede al servicio, etc.<\/span><span data-ccp-props=\"{\">\u00a0<\/span><\/p><table style=\"font-weight: 400;\" data-tablestyle=\"MsoTableGrid\" data-tablelook=\"1696\"><tbody><tr><td data-celllook=\"4369\"><p><span data-contrast=\"none\">Nombre<\/span><span data-ccp-props=\"{\">\u00a0<\/span><\/p><\/td><td data-celllook=\"4369\"><p><span data-contrast=\"none\">Finalidad<\/span><span data-ccp-props=\"{\">\u00a0<\/span><\/p><\/td><\/tr><tr><td data-celllook=\"4369\"><p><span data-contrast=\"none\">_ga<\/span><span data-ccp-props=\"{\">\u00a0<\/span><\/p><\/td><td data-celllook=\"4369\"><p><span data-contrast=\"none\">Cookies de Google\u00a0Analytics. Recopila\u00a0informaci\u00f3n\u00a0an\u00f3nima sobre\u00a0la\u00a0navegaci\u00f3n\u00a0de\u00a0los\u00a0usuarios\u00a0por\u00a0el\u00a0sitio web\u00a0con\u00a0el\u00a0fin\u00a0de\u00a0generar\u00a0datos\u00a0estad\u00edsticos<\/span><span data-ccp-props=\"{\">\u00a0<\/span><\/p><\/td><\/tr><tr><td data-celllook=\"4369\"><p><span data-contrast=\"none\">_gat<\/span><span data-ccp-props=\"{\">\u00a0<\/span><\/p><\/td><td data-celllook=\"4369\"><p><span data-contrast=\"none\">Cookies de Google\u00a0Analytics. Recopila\u00a0informaci\u00f3n\u00a0an\u00f3nima sobre\u00a0la\u00a0navegaci\u00f3n\u00a0de\u00a0los\u00a0usuarios\u00a0por\u00a0el\u00a0sitio web\u00a0con\u00a0el\u00a0fin\u00a0de\u00a0generar\u00a0datos\u00a0estad\u00edsticos<\/span><span data-ccp-props=\"{\">\u00a0<\/span><\/p><\/td><\/tr><tr><td data-celllook=\"4369\"><p><span data-contrast=\"none\">_gid<\/span><span data-ccp-props=\"{\">\u00a0<\/span><\/p><\/td><td data-celllook=\"4369\"><p><span data-contrast=\"none\">Cookies de Google\u00a0Analytics. Recopila\u00a0informaci\u00f3n\u00a0an\u00f3nima sobre\u00a0la\u00a0navegaci\u00f3n\u00a0de\u00a0los\u00a0usuarios\u00a0por\u00a0el\u00a0sitio web\u00a0con\u00a0el\u00a0fin\u00a0de\u00a0generar\u00a0datos\u00a0estad\u00edsticos<\/span><span data-ccp-props=\"{\">\u00a0<\/span><\/p><\/td><\/tr><\/tbody><\/table><p><b><span data-contrast=\"none\">Aceptaci\u00f3n de la Pol\u00edtica de Cookies<\/span><\/b><span data-ccp-props=\"{\">\u00a0<\/span><\/p><p><span data-contrast=\"none\">Cuando entre en nuestra web y ante esta informaci\u00f3n puede realizar dos acciones:<\/span><span data-ccp-props=\"{\">\u00a0<\/span><\/p><p><span data-contrast=\"none\">*Aceptar cookies: la aceptaci\u00f3n hace que desaparezca el cartel y no vuelva a aparecer.<\/span><span data-ccp-props=\"{\">\u00a0<\/span><\/p><p><span data-contrast=\"none\">*Cerrar: Oculta el aviso en la presente p\u00e1gina. Si el usuario contin\u00faa en la web y no la abandona se entender\u00e1 que acepta el uso de cookies.<\/span><span data-ccp-props=\"{\">\u00a0<\/span><\/p><p><span data-contrast=\"none\">\u00a0<\/span><span data-ccp-props=\"{\">\u00a0<\/span><\/p><p><b><span data-contrast=\"none\">Desactivaci\u00f3n de las cookies<\/span><\/b><span data-ccp-props=\"{\">\u00a0<\/span><\/p><p><span data-contrast=\"none\">Ponemos en conocimiento de nuestro Usuario que en cualquier momento podr\u00e1 elegir qu\u00e9 cookies quiere que funcionen en su navegador a trav\u00e9s de la configuraci\u00f3n de dicho navegador<\/span><span data-ccp-props=\"{\">\u00a0<\/span><\/p><p><span data-contrast=\"none\">\u00a0<\/span><span data-ccp-props=\"{\">\u00a0<\/span><\/p><p><b><span data-contrast=\"none\">Cambio de su configuraci\u00f3n<\/span><\/b><span data-contrast=\"none\">.<\/span><span data-ccp-props=\"{\">\u00a0<\/span><\/p><p><span data-contrast=\"none\">Al cambiar la configuraci\u00f3n en su navegador web, el Usuario puede establecer que le sea notificado si se almacena una cookie en su ordenador. Al cambiar la configuraci\u00f3n, tambi\u00e9n puede establecer que su navegador no acepte cookies de esta Web. Sin embargo, si su navegador no acepta cookies de esta Web, es posible que no pueda acceder o utilizar todas las funciones del mismo.<\/span><span data-ccp-props=\"{\">\u00a0<\/span><\/p>\t\t\t\t\t\t\t\t<\/div>\n\t\t\t\t<\/div>\n\t\t\t\t\t<\/div>\n\t\t<\/div>\n\t\t\t\t\t<\/div>\n\t\t<\/section>\n\t\t\t\t<\/div>","protected":false},"excerpt":{"rendered":"<p>DEFINICI\u00d3N Y FUNCI\u00d3N DE LAS COOKIES\u00a0 Una cookie o tambi\u00e9n llamada galleta inform\u00e1tica es una informaci\u00f3n enviada por un sitio<\/p>","protected":false},"author":3,"featured_media":0,"parent":0,"menu_order":0,"comment_status":"closed","ping_status":"closed","template":"","meta":{"_joinchat":[],"footnotes":""},"class_list":["post-11157","page","type-page","status-publish","hentry"],"_links":{"self":[{"href":"https:\/\/ulisesyargos.es\/en\/wp-json\/wp\/v2\/pages\/11157","targetHints":{"allow":["GET"]}}],"collection":[{"href":"https:\/\/ulisesyargos.es\/en\/wp-json\/wp\/v2\/pages"}],"about":[{"href":"https:\/\/ulisesyargos.es\/en\/wp-json\/wp\/v2\/types\/page"}],"author":[{"embeddable":true,"href":"https:\/\/ulisesyargos.es\/en\/wp-json\/wp\/v2\/users\/3"}],"replies":[{"embeddable":true,"href":"https:\/\/ulisesyargos.es\/en\/wp-json\/wp\/v2\/comments?post=11157"}],"version-history":[{"count":5,"href":"https:\/\/ulisesyargos.es\/en\/wp-json\/wp\/v2\/pages\/11157\/revisions"}],"predecessor-version":[{"id":11171,"href":"https:\/\/ulisesyargos.es\/en\/wp-json\/wp\/v2\/pages\/11157\/revisions\/11171"}],"wp:attachment":[{"href":"https:\/\/ulisesyargos.es\/en\/wp-json\/wp\/v2\/media?parent=11157"}],"curies":[{"name":"wp","href":"https:\/\/api.w.org\/{rel}","templated":true}]}}