{"id":20060,"date":"2025-01-22T21:32:43","date_gmt":"2025-01-22T20:32:43","guid":{"rendered":"https:\/\/ulisesyargos.es\/?post_type=product&#038;p=20060"},"modified":"2025-01-22T21:40:36","modified_gmt":"2025-01-22T20:40:36","slug":"asesoria-canina-online","status":"publish","type":"product","link":"https:\/\/ulisesyargos.es\/en\/product\/asesoria-canina-online\/","title":{"rendered":"Asesor\u00eda Canina online"},"content":{"rendered":"","protected":false},"excerpt":{"rendered":"<p>Una sesi\u00f3n de Educaci\u00f3n Canina Amable (online) de una hora de duraci\u00f3n, con Noem\u00ed Haro Rodriguez.<\/p>\n<p>Aprende a mejorar el comportamiento canino de una forma natural y emp\u00e1tica.<\/p>","protected":false},"featured_media":15495,"template":"","meta":{"_joinchat":[]},"product_brand":[],"product_cat":[82,90,96],"product_tag":[],"class_list":{"0":"post-20060","1":"product","2":"type-product","3":"status-publish","4":"has-post-thumbnail","6":"product_cat-cursos","7":"product_cat-cursos-online","8":"product_cat-educacion-canina","10":"first","11":"instock","12":"virtual","13":"taxable","14":"purchasable","15":"product-type-simple"},"_links":{"self":[{"href":"https:\/\/ulisesyargos.es\/en\/wp-json\/wp\/v2\/product\/20060","targetHints":{"allow":["GET"]}}],"collection":[{"href":"https:\/\/ulisesyargos.es\/en\/wp-json\/wp\/v2\/product"}],"about":[{"href":"https:\/\/ulisesyargos.es\/en\/wp-json\/wp\/v2\/types\/product"}],"version-history":[{"count":3,"href":"https:\/\/ulisesyargos.es\/en\/wp-json\/wp\/v2\/product\/20060\/revisions"}],"predecessor-version":[{"id":20063,"href":"https:\/\/ulisesyargos.es\/en\/wp-json\/wp\/v2\/product\/20060\/revisions\/20063"}],"wp:featuredmedia":[{"embeddable":true,"href":"https:\/\/ulisesyargos.es\/en\/wp-json\/wp\/v2\/media\/15495"}],"wp:attachment":[{"href":"https:\/\/ulisesyargos.es\/en\/wp-json\/wp\/v2\/media?parent=20060"}],"wp:term":[{"taxonomy":"product_brand","embeddable":true,"href":"https:\/\/ulisesyargos.es\/en\/wp-json\/wp\/v2\/product_brand?post=20060"},{"taxonomy":"product_cat","embeddable":true,"href":"https:\/\/ulisesyargos.es\/en\/wp-json\/wp\/v2\/product_cat?post=20060"},{"taxonomy":"product_tag","embeddable":true,"href":"https:\/\/ulisesyargos.es\/en\/wp-json\/wp\/v2\/product_tag?post=20060"}],"curies":[{"name":"wp","href":"https:\/\/api.w.org\/{rel}","templated":true}]}}